{"id":92,"date":"2023-04-28T21:17:59","date_gmt":"2023-04-28T21:17:59","guid":{"rendered":"https:\/\/divulganatura.com\/?page_id=92"},"modified":"2023-07-17T16:21:19","modified_gmt":"2023-07-17T16:21:19","slug":"quien-soy","status":"publish","type":"page","link":"https:\/\/divulganatura.com\/index.php\/quien-soy\/","title":{"rendered":"\u00bfQui\u00e9n soy?"},"content":{"rendered":"\n<p>Bienvenidos a mi p\u00e1gina web\/blog. <\/p>\n\n\n\n<p>Soy <strong>Agust\u00edn Castro<\/strong>, bi\u00f3logo con DEA en <strong>An\u00e1lisis y Gesti\u00f3n de Ecosistemas<\/strong> por la Universidad de Ja\u00e9n. Mis principales intereses son la <strong>Zoolog\u00eda<\/strong>, <strong>Biogeograf\u00eda <\/strong>y <strong>Biolog\u00eda de la Conservaci\u00f3n<\/strong>. He dedicado la mayor parte de mis a\u00f1os &#8220;camperos&#8221; a las <strong>aves nocturnas<\/strong>, la <strong>modelaci\u00f3n ecol\u00f3gica<\/strong> y creaci\u00f3n de <strong>mapas de distribuci\u00f3n potencial <\/strong>de estas especies (y sus presas) y, desde algo menos, al estudio de los cole\u00f3pteros longicornes (o <strong>Ceramb\u00edcidos<\/strong>) en la pen\u00ednsula ib\u00e9rica. Por otro lado, siempre intento dedicar algo de tiempo a la Paleontolog\u00eda, especialmente a todo a lo relacionado con los <strong>Pterosaurios<\/strong>. <\/p>\n\n\n\n<p>Suelo compartir mis inquietudes y aficiones en las redes sociales y, estoy muy comprometido con todo aquello que tiene que ver con la divulgaci\u00f3n cient\u00edfica dentro del campo de las Ciencias de la Naturaleza. A finales de 2021 me decid\u00ed a utilizar la plataforma Twitch con el fin de poner en marcha un canal para mi proyecto de divulgaci\u00f3n &#8220;<strong>DIVULGA NATURA<\/strong>&#8220;, y en el que desde 2017, han participado un buen n\u00famero de personas de diferentes especialidades dentro de las Ciencias Naturales y Experimentales. En todo este tiempo he tenido la suerte de conocer a grandes profesionales, buenos investigadores y naturalistas de un alt\u00edsimo nivel. <\/p>\n\n\n\n<p>Desde julio de este a\u00f1o 2023 estoy form\u00e1ndome como Cient\u00edfico de datos (Data Scientist), de forma autodidacta, en lo que ser\u00eda una primera fase. Mi idea es coger un nivel que me permita realizar posteriormente alg\u00fan m\u00e1ster de especializaci\u00f3n sobre esta tem\u00e1tica. Comparto mi evoluci\u00f3n en mi blog, a modo de diario. Si est\u00e1s interesado en todo lo que tiene que ver con Data Science \/ Analyst y, empezando tambi\u00e9n tu formaci\u00f3n, pasa a compartir tus experiencias conmigo.  <\/p>\n\n\n\n<p>Pod\u00e9is contactar conmigo en <strong>info@divulganatura.com<\/strong> o en el tel\u00e9fono <strong>697815915<\/strong> <\/p>\n\n\n\n<p>\u00a1\u00a1\u00a1 Gracias por pasar por aqu\u00ed !!!   <\/p>\n\n\n\n<figure class=\"wp-block-image size-large\"><img decoding=\"async\" width=\"1024\" height=\"683\" data-src=\"http:\/\/divulganatura.com\/wp-content\/uploads\/2023\/04\/IMG_2306-1024x683.jpg\" alt=\"\" class=\"wp-image-73 lazyload\" data-srcset=\"https:\/\/divulganatura.com\/wp-content\/uploads\/2023\/04\/IMG_2306-1024x683.jpg 1024w, https:\/\/divulganatura.com\/wp-content\/uploads\/2023\/04\/IMG_2306-300x200.jpg 300w, https:\/\/divulganatura.com\/wp-content\/uploads\/2023\/04\/IMG_2306-768x512.jpg 768w, https:\/\/divulganatura.com\/wp-content\/uploads\/2023\/04\/IMG_2306-1536x1024.jpg 1536w, https:\/\/divulganatura.com\/wp-content\/uploads\/2023\/04\/IMG_2306-2048x1365.jpg 2048w\" data-sizes=\"(max-width: 1024px) 100vw, 1024px\" src=\"data:image\/svg+xml;base64,PHN2ZyB3aWR0aD0iMSIgaGVpZ2h0PSIxIiB4bWxucz0iaHR0cDovL3d3dy53My5vcmcvMjAwMC9zdmciPjwvc3ZnPg==\" style=\"--smush-placeholder-width: 1024px; --smush-placeholder-aspect-ratio: 1024\/683;\" \/><\/figure>\n\n\n<div class=\"wp-block-image\">\n<figure class=\"alignright size-large is-resized\"><img decoding=\"async\" data-src=\"http:\/\/divulganatura.com\/wp-content\/uploads\/2023\/04\/cropped-DN-LOGO-COLOR-NEGRO-1-1024x367.png\" alt=\"\" class=\"wp-image-42 lazyload\" width=\"193\" height=\"69\" src=\"data:image\/svg+xml;base64,PHN2ZyB3aWR0aD0iMSIgaGVpZ2h0PSIxIiB4bWxucz0iaHR0cDovL3d3dy53My5vcmcvMjAwMC9zdmciPjwvc3ZnPg==\" style=\"--smush-placeholder-width: 193px; --smush-placeholder-aspect-ratio: 193\/69;\" \/><\/figure>\n<\/div>\n\n\n<div style=\"height:5px\" aria-hidden=\"true\" class=\"wp-block-spacer\"><\/div>\n","protected":false},"excerpt":{"rendered":"<p>Bienvenidos a mi p\u00e1gina web\/blog. Soy Agust\u00edn Castro, bi\u00f3logo con DEA en An\u00e1lisis y Gesti\u00f3n de Ecosistemas por la Universidad de Ja\u00e9n. Mis principales intereses son la Zoolog\u00eda, Biogeograf\u00eda y Biolog\u00eda de la Conservaci\u00f3n. He dedicado la mayor parte de mis a\u00f1os &#8220;camperos&#8221; a las aves nocturnas, la modelaci\u00f3n ecol\u00f3gica y creaci\u00f3n de mapas de [&hellip;]<\/p>\n","protected":false},"author":1,"featured_media":0,"parent":0,"menu_order":0,"comment_status":"closed","ping_status":"closed","template":"","meta":{"footnotes":""},"class_list":["post-92","page","type-page","status-publish","hentry"],"_links":{"self":[{"href":"https:\/\/divulganatura.com\/index.php\/wp-json\/wp\/v2\/pages\/92","targetHints":{"allow":["GET"]}}],"collection":[{"href":"https:\/\/divulganatura.com\/index.php\/wp-json\/wp\/v2\/pages"}],"about":[{"href":"https:\/\/divulganatura.com\/index.php\/wp-json\/wp\/v2\/types\/page"}],"author":[{"embeddable":true,"href":"https:\/\/divulganatura.com\/index.php\/wp-json\/wp\/v2\/users\/1"}],"replies":[{"embeddable":true,"href":"https:\/\/divulganatura.com\/index.php\/wp-json\/wp\/v2\/comments?post=92"}],"version-history":[{"count":14,"href":"https:\/\/divulganatura.com\/index.php\/wp-json\/wp\/v2\/pages\/92\/revisions"}],"predecessor-version":[{"id":387,"href":"https:\/\/divulganatura.com\/index.php\/wp-json\/wp\/v2\/pages\/92\/revisions\/387"}],"wp:attachment":[{"href":"https:\/\/divulganatura.com\/index.php\/wp-json\/wp\/v2\/media?parent=92"}],"curies":[{"name":"wp","href":"https:\/\/api.w.org\/{rel}","templated":true}]}}